{"id":2109,"date":"2015-05-08T11:46:58","date_gmt":"2015-05-08T09:46:58","guid":{"rendered":"\/enzuazua\/?page_id=2109"},"modified":"2022-03-21T07:32:00","modified_gmt":"2022-03-21T06:32:00","slug":"congress-conca60","status":"publish","type":"page","link":"https:\/\/cmc.deusto.eus\/enzuazua\/mediateka\/congress-conca60\/","title":{"rendered":"Congress Conca60_videos"},"content":{"rendered":"<p style=\"text-align: center;\">&nbsp;This <a href=\"\/enzuazua\/mediateka\/congress-conca60\/\" target=\"_blank\" rel=\"noopener noreferrer\">CONGRESS<\/a> was held in honor of Professor <span style=\"color: #ff0000;\"><a style=\"color: #ff0000;\" href=\"http:\/\/www.cmm.uchile.cl\/?cmm_people=carlos-conca\" target=\"_blank\" rel=\"noopener noreferrer\">Carlos Conca <\/a><\/span>in his 60th anniversary, in Bilbao (Basque Country \u2013 Spain), at Hotel Carlton, on 12 and 13 December 2014.<\/p>\n<p style=\"text-align: center;\">More information click <a href=\"\/enzuazua\/mediateka\/congress-conca60\/\" target=\"_blank\" rel=\"noopener noreferrer\"><span style=\"color: #000000;\"><em>&#8220;here&#8221;<\/em><\/span><\/a><\/p>\n<h3 style=\"text-align: center;\"><span style=\"color: #000000;\"><strong>PRESENTATIONS OF SPEAKERS in 4 videos<\/strong><\/span><\/h3>\n<p style=\"text-align: left;\">\n<p style=\"text-align: left;\">First video: Jaime Ortega, Gregoire Allaire, Carlos Conca, Juan Asenjo, Miguel Escobedo, Yvon Maday &amp; Pierre Louis Lions<\/p>\n<p style=\"text-align: left;\"><iframe data-src=\"https:\/\/www.youtube.com\/embed\/0VZKr3H51og?list=PLplTLQBos6L1yu44dbhXtCKxE9DeMlgzi\" allowfullscreen=\"allowfullscreen\" width=\"560\" height=\"315\" frameborder=\"0\" src=\"data:image\/svg+xml;base64,PHN2ZyB3aWR0aD0iMSIgaGVpZ2h0PSIxIiB4bWxucz0iaHR0cDovL3d3dy53My5vcmcvMjAwMC9zdmciPjwvc3ZnPg==\" class=\"lazyload\" data-load-mode=\"1\"><\/iframe><\/p>\n<p style=\"text-align: left;\">\n<p style=\"text-align: left;\">Second video: Marius Tucsnak, Jean Michel Coron, Annie Raoult, Marc Dambrine &amp; Loredana Balilescu<\/p>\n<p style=\"text-align: left;\"><iframe data-src=\"https:\/\/www.youtube.com\/embed\/boagTIPuyrs?list=PLplTLQBos6L1yu44dbhXtCKxE9DeMlgzi\" allowfullscreen=\"allowfullscreen\" width=\"560\" height=\"315\" frameborder=\"0\" src=\"data:image\/svg+xml;base64,PHN2ZyB3aWR0aD0iMSIgaGVpZ2h0PSIxIiB4bWxucz0iaHR0cDovL3d3dy53My5vcmcvMjAwMC9zdmciPjwvc3ZnPg==\" class=\"lazyload\" data-load-mode=\"1\"><\/iframe><\/p>\n<p style=\"text-align: center;\">\n<p style=\"text-align: left;\">Third video: Gregoire Allaire, Fran\u00e7ois Murat &amp; Mar\u00eda Eugenia P\u00e9rez<\/p>\n<p style=\"text-align: center;\"><iframe data-src=\"https:\/\/www.youtube.com\/embed\/wHz972oEHpE\" allowfullscreen=\"allowfullscreen\" width=\"560\" height=\"315\" frameborder=\"0\" src=\"data:image\/svg+xml;base64,PHN2ZyB3aWR0aD0iMSIgaGVpZ2h0PSIxIiB4bWxucz0iaHR0cDovL3d3dy53My5vcmcvMjAwMC9zdmciPjwvc3ZnPg==\" class=\"lazyload\" data-load-mode=\"1\"><\/iframe><\/p>\n<p style=\"text-align: center;\">\n<p style=\"text-align: left;\">Forth video: Muthusamy Vanninathan, Axel Osses &amp; Carlos Conca<\/p>\n<p style=\"text-align: center;\"><iframe data-src=\"https:\/\/www.youtube.com\/embed\/0c_MKwQrrd8?list=PLplTLQBos6L1yu44dbhXtCKxE9DeMlgzi\" allowfullscreen=\"allowfullscreen\" width=\"560\" height=\"315\" frameborder=\"0\" src=\"data:image\/svg+xml;base64,PHN2ZyB3aWR0aD0iMSIgaGVpZ2h0PSIxIiB4bWxucz0iaHR0cDovL3d3dy53My5vcmcvMjAwMC9zdmciPjwvc3ZnPg==\" class=\"lazyload\" data-load-mode=\"1\"><\/iframe><\/p>\n","protected":false},"excerpt":{"rendered":"<p>&nbsp;This CONGRESS was held in honor of Professor Carlos Conca in his 60th anniversary, in Bilbao (Basque Country \u2013 Spain), at Hotel Carlton, on 12 and 13 December 2014. More information click &#8220;here&#8221; PRESENTATIONS OF SPEAKERS in 4 videos First video: Jaime Ortega, Gregoire Allaire, Carlos Conca, Juan Asenjo, Miguel Escobedo, Yvon Maday &amp; Pierre [&hellip;]<\/p>\n","protected":false},"author":3,"featured_media":0,"parent":211,"menu_order":7,"comment_status":"closed","ping_status":"closed","template":"","meta":{"footnotes":""},"class_list":["post-2109","page","type-page","status-publish","hentry"],"_links":{"self":[{"href":"https:\/\/cmc.deusto.eus\/enzuazua\/wp-json\/wp\/v2\/pages\/2109","targetHints":{"allow":["GET"]}}],"collection":[{"href":"https:\/\/cmc.deusto.eus\/enzuazua\/wp-json\/wp\/v2\/pages"}],"about":[{"href":"https:\/\/cmc.deusto.eus\/enzuazua\/wp-json\/wp\/v2\/types\/page"}],"author":[{"embeddable":true,"href":"https:\/\/cmc.deusto.eus\/enzuazua\/wp-json\/wp\/v2\/users\/3"}],"replies":[{"embeddable":true,"href":"https:\/\/cmc.deusto.eus\/enzuazua\/wp-json\/wp\/v2\/comments?post=2109"}],"version-history":[{"count":3,"href":"https:\/\/cmc.deusto.eus\/enzuazua\/wp-json\/wp\/v2\/pages\/2109\/revisions"}],"predecessor-version":[{"id":7528,"href":"https:\/\/cmc.deusto.eus\/enzuazua\/wp-json\/wp\/v2\/pages\/2109\/revisions\/7528"}],"up":[{"embeddable":true,"href":"https:\/\/cmc.deusto.eus\/enzuazua\/wp-json\/wp\/v2\/pages\/211"}],"wp:attachment":[{"href":"https:\/\/cmc.deusto.eus\/enzuazua\/wp-json\/wp\/v2\/media?parent=2109"}],"curies":[{"name":"wp","href":"https:\/\/api.w.org\/{rel}","templated":true}]}}